{"id":794,"date":"2021-02-26T17:55:23","date_gmt":"2021-02-26T16:55:23","guid":{"rendered":"https:\/\/euler-it.de\/?page_id=794"},"modified":"2025-06-23T12:59:41","modified_gmt":"2025-06-23T10:59:41","slug":"impressum","status":"publish","type":"page","link":"https:\/\/euler-it.de\/?page_id=794","title":{"rendered":"Impressum"},"content":{"rendered":"\t\t<div data-elementor-type=\"wp-page\" data-elementor-id=\"794\" class=\"elementor elementor-794\">\n\t\t\t\t\t\t<section class=\"elementor-section elementor-top-section elementor-element elementor-element-2de1ba6 elementor-section-boxed elementor-section-height-default elementor-section-height-default\" data-id=\"2de1ba6\" data-element_type=\"section\" data-e-type=\"section\">\n\t\t\t\t\t\t<div class=\"elementor-container elementor-column-gap-default\">\n\t\t\t\t\t<div class=\"elementor-column elementor-col-100 elementor-top-column elementor-element elementor-element-6f006ab\" data-id=\"6f006ab\" data-element_type=\"column\" data-e-type=\"column\">\n\t\t\t<div class=\"elementor-widget-wrap elementor-element-populated\">\n\t\t\t\t\t\t<div class=\"elementor-element elementor-element-ae6e59b elementor-widget elementor-widget-heading\" data-id=\"ae6e59b\" data-element_type=\"widget\" data-e-type=\"widget\" data-widget_type=\"heading.default\">\n\t\t\t\t<div class=\"elementor-widget-container\">\n\t\t\t\t\t<h2 class=\"elementor-heading-title elementor-size-default\">Impressum<\/h2>\t\t\t\t<\/div>\n\t\t\t\t<\/div>\n\t\t\t\t<div class=\"elementor-element elementor-element-f7b5a9c elementor-widget elementor-widget-spacer\" data-id=\"f7b5a9c\" data-element_type=\"widget\" data-e-type=\"widget\" data-widget_type=\"spacer.default\">\n\t\t\t\t<div class=\"elementor-widget-container\">\n\t\t\t\t\t\t\t<div class=\"elementor-spacer\">\n\t\t\t<div class=\"elementor-spacer-inner\"><\/div>\n\t\t<\/div>\n\t\t\t\t\t\t<\/div>\n\t\t\t\t<\/div>\n\t\t\t\t<div class=\"elementor-element elementor-element-bc137cf elementor-widget elementor-widget-text-editor\" data-id=\"bc137cf\" data-element_type=\"widget\" data-e-type=\"widget\" data-widget_type=\"text-editor.default\">\n\t\t\t\t<div class=\"elementor-widget-container\">\n\t\t\t\t\t\t\t\t\t<h3>Diensteanbieter<\/h3><p><b>Inhaber Jens Euler<br \/><\/b><span style=\"caret-color: #4e5b6e; font-family: 'Work Sans', sans-serif; text-size-adjust: auto;\">Wilhelm-Lehr-Str. 17<\/span><br style=\"caret-color: #4e5b6e; font-family: 'Work Sans', sans-serif; text-size-adjust: auto;\" \/><span style=\"caret-color: #4e5b6e; font-family: 'Work Sans', sans-serif; text-size-adjust: auto;\">64839 M\u00fcnster (Hessen)<\/span><br style=\"caret-color: #4e5b6e; font-family: 'Work Sans', sans-serif; text-size-adjust: auto;\" \/><span style=\"caret-color: #4e5b6e; font-family: 'Work Sans', sans-serif; text-size-adjust: auto;\">Deutschland<\/span><\/p><p>USt-IdNr.: DE338602786<\/p><h3>Kontaktm\u00f6glichkeiten<\/h3><p><span style=\"font-weight: 400;\">E-Mail-Adresse: <a href=\"mailto:info@euler-it.de\">info[at]euler-it.de\u00a0<\/a><br \/><\/span>Telefon: 06071 \/ 508 007 \u2013 0<\/p><h3>Social Media und andere Onlinepr\u00e4senzen<\/h3><p><span style=\"font-weight: 400;\">Dieses Impressum gilt auch f\u00fcr die folgenden Social-Media-Pr\u00e4senzen und Onlineprofile:<br \/><\/span><a style=\"background-color: #ffffff;\" href=\"https:\/\/www.linkedin.com\/in\/jens-euler-8345151b4\/\">https:\/\/www.linkedin.com\/in\/jens-euler-8345151b4\/<\/a><\/p><p><a style=\"font-size: 9px; background-color: #ffffff;\" href=\"https:\/\/datenschutz-generator.de\/?l=de\">Erstellt mit kostenlosem Datenschutz-Generator.de von Dr. Thomas Schwenke<\/a><\/p>\t\t\t\t\t\t\t\t<\/div>\n\t\t\t\t<\/div>\n\t\t\t\t\t<\/div>\n\t\t<\/div>\n\t\t\t\t\t<\/div>\n\t\t<\/section>\n\t\t\t\t<\/div>\n\t\t","protected":false},"excerpt":{"rendered":"<p>Impressum Diensteanbieter Inhaber Jens EulerWilhelm-Lehr-Str. 1764839 M\u00fcnster (Hessen)Deutschland USt-IdNr.: DE338602786 Kontaktm\u00f6glichkeiten E-Mail-Adresse: info[at]euler-it.de\u00a0Telefon: 06071 \/ 508 007 \u2013 0 Social Media und andere Onlinepr\u00e4senzen Dieses Impressum gilt auch f\u00fcr die folgenden Social-Media-Pr\u00e4senzen und Onlineprofile:https:\/\/www.linkedin.com\/in\/jens-euler-8345151b4\/ Erstellt mit kostenlosem Datenschutz-Generator.de von Dr. Thomas Schwenke<\/p>\n","protected":false},"author":1,"featured_media":0,"parent":0,"menu_order":0,"comment_status":"closed","ping_status":"closed","template":"","meta":{"_acf_changed":false,"footnotes":""},"class_list":["post-794","page","type-page","status-publish","hentry"],"acf":[],"yoast_head":"<!-- This site is optimized with the Yoast SEO plugin v27.4 - https:\/\/yoast.com\/product\/yoast-seo-wordpress\/ -->\n<title>Impressum - Euler IT-Systeme<\/title>\n<meta name=\"robots\" content=\"index, follow, max-snippet:-1, max-image-preview:large, max-video-preview:-1\" \/>\n<link rel=\"canonical\" href=\"https:\/\/euler-it.de\/?page_id=794\" \/>\n<meta property=\"og:locale\" content=\"de_DE\" \/>\n<meta property=\"og:type\" content=\"article\" \/>\n<meta property=\"og:title\" content=\"Impressum - Euler IT-Systeme\" \/>\n<meta property=\"og:description\" content=\"Impressum Diensteanbieter Inhaber Jens EulerWilhelm-Lehr-Str. 1764839 M\u00fcnster (Hessen)Deutschland USt-IdNr.: DE338602786 Kontaktm\u00f6glichkeiten E-Mail-Adresse: info[at]euler-it.de\u00a0Telefon: 06071 \/ 508 007 \u2013 0 Social Media und andere Onlinepr\u00e4senzen Dieses Impressum gilt auch f\u00fcr die folgenden Social-Media-Pr\u00e4senzen und Onlineprofile:https:\/\/www.linkedin.com\/in\/jens-euler-8345151b4\/ Erstellt mit kostenlosem Datenschutz-Generator.de von Dr. Thomas Schwenke\" \/>\n<meta property=\"og:url\" content=\"https:\/\/euler-it.de\/?page_id=794\" \/>\n<meta property=\"og:site_name\" content=\"Euler IT-Systeme\" \/>\n<meta property=\"article:modified_time\" content=\"2025-06-23T10:59:41+00:00\" \/>\n<meta name=\"twitter:card\" content=\"summary_large_image\" \/>\n<meta name=\"twitter:label1\" content=\"Gesch\u00e4tzte Lesezeit\" \/>\n\t<meta name=\"twitter:data1\" content=\"1\u00a0Minute\" \/>\n<script type=\"application\/ld+json\" class=\"yoast-schema-graph\">{\"@context\":\"https:\\\/\\\/schema.org\",\"@graph\":[{\"@type\":\"WebPage\",\"@id\":\"https:\\\/\\\/euler-it.de\\\/?page_id=794\",\"url\":\"https:\\\/\\\/euler-it.de\\\/?page_id=794\",\"name\":\"Impressum - Euler IT-Systeme\",\"isPartOf\":{\"@id\":\"https:\\\/\\\/euler-it.de\\\/#website\"},\"datePublished\":\"2021-02-26T16:55:23+00:00\",\"dateModified\":\"2025-06-23T10:59:41+00:00\",\"breadcrumb\":{\"@id\":\"https:\\\/\\\/euler-it.de\\\/?page_id=794#breadcrumb\"},\"inLanguage\":\"de\",\"potentialAction\":[{\"@type\":\"ReadAction\",\"target\":[\"https:\\\/\\\/euler-it.de\\\/?page_id=794\"]}]},{\"@type\":\"BreadcrumbList\",\"@id\":\"https:\\\/\\\/euler-it.de\\\/?page_id=794#breadcrumb\",\"itemListElement\":[{\"@type\":\"ListItem\",\"position\":1,\"name\":\"Startseite\",\"item\":\"https:\\\/\\\/euler-it.de\\\/\"},{\"@type\":\"ListItem\",\"position\":2,\"name\":\"Impressum\"}]},{\"@type\":\"WebSite\",\"@id\":\"https:\\\/\\\/euler-it.de\\\/#website\",\"url\":\"https:\\\/\\\/euler-it.de\\\/\",\"name\":\"Euler IT-Systeme\",\"description\":\"IT Systemhaus aus M\u00fcnster\",\"publisher\":{\"@id\":\"https:\\\/\\\/euler-it.de\\\/#organization\"},\"potentialAction\":[{\"@type\":\"SearchAction\",\"target\":{\"@type\":\"EntryPoint\",\"urlTemplate\":\"https:\\\/\\\/euler-it.de\\\/?s={search_term_string}\"},\"query-input\":{\"@type\":\"PropertyValueSpecification\",\"valueRequired\":true,\"valueName\":\"search_term_string\"}}],\"inLanguage\":\"de\"},{\"@type\":\"Organization\",\"@id\":\"https:\\\/\\\/euler-it.de\\\/#organization\",\"name\":\"Euler IT-Systeme\",\"url\":\"https:\\\/\\\/euler-it.de\\\/\",\"logo\":{\"@type\":\"ImageObject\",\"inLanguage\":\"de\",\"@id\":\"https:\\\/\\\/euler-it.de\\\/#\\\/schema\\\/logo\\\/image\\\/\",\"url\":\"https:\\\/\\\/euler-it.de\\\/wp-content\\\/uploads\\\/2020\\\/04\\\/Euler-IT-350px.png\",\"contentUrl\":\"https:\\\/\\\/euler-it.de\\\/wp-content\\\/uploads\\\/2020\\\/04\\\/Euler-IT-350px.png\",\"width\":350,\"height\":85,\"caption\":\"Euler IT-Systeme\"},\"image\":{\"@id\":\"https:\\\/\\\/euler-it.de\\\/#\\\/schema\\\/logo\\\/image\\\/\"}}]}<\/script>\n<!-- \/ Yoast SEO plugin. -->","yoast_head_json":{"title":"Impressum - Euler IT-Systeme","robots":{"index":"index","follow":"follow","max-snippet":"max-snippet:-1","max-image-preview":"max-image-preview:large","max-video-preview":"max-video-preview:-1"},"canonical":"https:\/\/euler-it.de\/?page_id=794","og_locale":"de_DE","og_type":"article","og_title":"Impressum - Euler IT-Systeme","og_description":"Impressum Diensteanbieter Inhaber Jens EulerWilhelm-Lehr-Str. 1764839 M\u00fcnster (Hessen)Deutschland USt-IdNr.: DE338602786 Kontaktm\u00f6glichkeiten E-Mail-Adresse: info[at]euler-it.de\u00a0Telefon: 06071 \/ 508 007 \u2013 0 Social Media und andere Onlinepr\u00e4senzen Dieses Impressum gilt auch f\u00fcr die folgenden Social-Media-Pr\u00e4senzen und Onlineprofile:https:\/\/www.linkedin.com\/in\/jens-euler-8345151b4\/ Erstellt mit kostenlosem Datenschutz-Generator.de von Dr. Thomas Schwenke","og_url":"https:\/\/euler-it.de\/?page_id=794","og_site_name":"Euler IT-Systeme","article_modified_time":"2025-06-23T10:59:41+00:00","twitter_card":"summary_large_image","twitter_misc":{"Gesch\u00e4tzte Lesezeit":"1\u00a0Minute"},"schema":{"@context":"https:\/\/schema.org","@graph":[{"@type":"WebPage","@id":"https:\/\/euler-it.de\/?page_id=794","url":"https:\/\/euler-it.de\/?page_id=794","name":"Impressum - Euler IT-Systeme","isPartOf":{"@id":"https:\/\/euler-it.de\/#website"},"datePublished":"2021-02-26T16:55:23+00:00","dateModified":"2025-06-23T10:59:41+00:00","breadcrumb":{"@id":"https:\/\/euler-it.de\/?page_id=794#breadcrumb"},"inLanguage":"de","potentialAction":[{"@type":"ReadAction","target":["https:\/\/euler-it.de\/?page_id=794"]}]},{"@type":"BreadcrumbList","@id":"https:\/\/euler-it.de\/?page_id=794#breadcrumb","itemListElement":[{"@type":"ListItem","position":1,"name":"Startseite","item":"https:\/\/euler-it.de\/"},{"@type":"ListItem","position":2,"name":"Impressum"}]},{"@type":"WebSite","@id":"https:\/\/euler-it.de\/#website","url":"https:\/\/euler-it.de\/","name":"Euler IT-Systeme","description":"IT Systemhaus aus M\u00fcnster","publisher":{"@id":"https:\/\/euler-it.de\/#organization"},"potentialAction":[{"@type":"SearchAction","target":{"@type":"EntryPoint","urlTemplate":"https:\/\/euler-it.de\/?s={search_term_string}"},"query-input":{"@type":"PropertyValueSpecification","valueRequired":true,"valueName":"search_term_string"}}],"inLanguage":"de"},{"@type":"Organization","@id":"https:\/\/euler-it.de\/#organization","name":"Euler IT-Systeme","url":"https:\/\/euler-it.de\/","logo":{"@type":"ImageObject","inLanguage":"de","@id":"https:\/\/euler-it.de\/#\/schema\/logo\/image\/","url":"https:\/\/euler-it.de\/wp-content\/uploads\/2020\/04\/Euler-IT-350px.png","contentUrl":"https:\/\/euler-it.de\/wp-content\/uploads\/2020\/04\/Euler-IT-350px.png","width":350,"height":85,"caption":"Euler IT-Systeme"},"image":{"@id":"https:\/\/euler-it.de\/#\/schema\/logo\/image\/"}}]}},"_links":{"self":[{"href":"https:\/\/euler-it.de\/index.php?rest_route=\/wp\/v2\/pages\/794","targetHints":{"allow":["GET"]}}],"collection":[{"href":"https:\/\/euler-it.de\/index.php?rest_route=\/wp\/v2\/pages"}],"about":[{"href":"https:\/\/euler-it.de\/index.php?rest_route=\/wp\/v2\/types\/page"}],"author":[{"embeddable":true,"href":"https:\/\/euler-it.de\/index.php?rest_route=\/wp\/v2\/users\/1"}],"replies":[{"embeddable":true,"href":"https:\/\/euler-it.de\/index.php?rest_route=%2Fwp%2Fv2%2Fcomments&post=794"}],"version-history":[{"count":28,"href":"https:\/\/euler-it.de\/index.php?rest_route=\/wp\/v2\/pages\/794\/revisions"}],"predecessor-version":[{"id":1568,"href":"https:\/\/euler-it.de\/index.php?rest_route=\/wp\/v2\/pages\/794\/revisions\/1568"}],"wp:attachment":[{"href":"https:\/\/euler-it.de\/index.php?rest_route=%2Fwp%2Fv2%2Fmedia&parent=794"}],"curies":[{"name":"wp","href":"https:\/\/api.w.org\/{rel}","templated":true}]}}